{"id":6,"date":"2020-03-24T18:33:43","date_gmt":"2020-03-24T17:33:43","guid":{"rendered":"http:\/\/palaisdeluppe.fr\/?page_id=6"},"modified":"2023-04-14T14:22:47","modified_gmt":"2023-04-14T12:22:47","slug":"expositions","status":"publish","type":"page","link":"https:\/\/palaisdeluppe.fr\/?page_id=6","title":{"rendered":"visites"},"content":{"rendered":"\n<p>Le Palais de Lupp\u00e9 est ouvert \u00e0 la visite pendant les mois de juillet, aout et septembre, tous les jours de 11h \u00e0 18h <\/p>\n\n\n\n<p>Entr\u00e9e 6\u20ac, tarif r\u00e9duit 4\u20ac<\/p>\n\n\n\n<p>Visites guid\u00e9es sur rendez-vous palaisdeluppe(at)gmail.com<\/p>\n\n\n\n<p>24 bis rond-point des Ar\u00e8nes 13200 Arles<\/p>\n\n\n\n<p><a href=\"https:\/\/goo.gl\/maps\/vR3QkZ7qQsrMgA2F9\">https:\/\/goo.gl\/maps\/vR3QkZ7qQsrMgA2F9<\/a><\/p>\n\n\n\n<figure class=\"wp-block-image size-large\"><img loading=\"lazy\" width=\"1024\" height=\"177\" src=\"http:\/\/palaisdeluppe.fr\/wp-content\/uploads\/2020\/03\/cropped-20180719_082727-1024x177.jpg\" alt=\"\" class=\"wp-image-93\" srcset=\"https:\/\/palaisdeluppe.fr\/wp-content\/uploads\/2020\/03\/cropped-20180719_082727-1024x177.jpg 1024w, https:\/\/palaisdeluppe.fr\/wp-content\/uploads\/2020\/03\/cropped-20180719_082727-300x52.jpg 300w, https:\/\/palaisdeluppe.fr\/wp-content\/uploads\/2020\/03\/cropped-20180719_082727-768x133.jpg 768w, https:\/\/palaisdeluppe.fr\/wp-content\/uploads\/2020\/03\/cropped-20180719_082727.jpg 1500w\" sizes=\"(max-width: 1024px) 100vw, 1024px\" \/><\/figure>\n","protected":false},"excerpt":{"rendered":"<p>Le Palais de Lupp\u00e9 est ouvert \u00e0 la visite pendant les mois de juillet, aout et septembre, tous les jours de 11h \u00e0 18h Entr\u00e9e 6\u20ac, tarif r\u00e9duit 4\u20ac Visites<span class=\"more-button\"><a href=\"https:\/\/palaisdeluppe.fr\/?page_id=6\" class=\"more-link\">plus<span class=\"screen-reader-text\">visites<\/span><\/a><\/span><\/p>\n","protected":false},"author":1,"featured_media":0,"parent":0,"menu_order":0,"comment_status":"closed","ping_status":"closed","template":"","meta":[],"_links":{"self":[{"href":"https:\/\/palaisdeluppe.fr\/index.php?rest_route=\/wp\/v2\/pages\/6"}],"collection":[{"href":"https:\/\/palaisdeluppe.fr\/index.php?rest_route=\/wp\/v2\/pages"}],"about":[{"href":"https:\/\/palaisdeluppe.fr\/index.php?rest_route=\/wp\/v2\/types\/page"}],"author":[{"embeddable":true,"href":"https:\/\/palaisdeluppe.fr\/index.php?rest_route=\/wp\/v2\/users\/1"}],"replies":[{"embeddable":true,"href":"https:\/\/palaisdeluppe.fr\/index.php?rest_route=%2Fwp%2Fv2%2Fcomments&post=6"}],"version-history":[{"count":9,"href":"https:\/\/palaisdeluppe.fr\/index.php?rest_route=\/wp\/v2\/pages\/6\/revisions"}],"predecessor-version":[{"id":424,"href":"https:\/\/palaisdeluppe.fr\/index.php?rest_route=\/wp\/v2\/pages\/6\/revisions\/424"}],"wp:attachment":[{"href":"https:\/\/palaisdeluppe.fr\/index.php?rest_route=%2Fwp%2Fv2%2Fmedia&parent=6"}],"curies":[{"name":"wp","href":"https:\/\/api.w.org\/{rel}","templated":true}]}}