{"id":381,"date":"2022-10-08T13:33:37","date_gmt":"2022-10-08T11:33:37","guid":{"rendered":"http:\/\/palaisdeluppe.fr\/?page_id=381"},"modified":"2023-04-14T08:59:35","modified_gmt":"2023-04-14T06:59:35","slug":"chambres-dhotes","status":"publish","type":"page","link":"https:\/\/palaisdeluppe.fr\/?page_id=381","title":{"rendered":"Chambres d\u2019h\u00f4tes"},"content":{"rendered":"\n<p>Prolongez l&rsquo;exp\u00e9rience du Palais de Lupp\u00e9 en s\u00e9journant dans l&rsquo;une de nos deux chambres d&rsquo;h\u00f4tes<\/p>\n\n\n\n<div class=\"wp-block-media-text alignwide is-stacked-on-mobile\"><figure class=\"wp-block-media-text__media\"><img loading=\"lazy\" width=\"768\" height=\"1024\" src=\"http:\/\/palaisdeluppe.fr\/wp-content\/uploads\/2022\/10\/20190729_115243-768x1024.jpg\" alt=\"\" class=\"wp-image-379 size-full\" srcset=\"https:\/\/palaisdeluppe.fr\/wp-content\/uploads\/2022\/10\/20190729_115243-768x1024.jpg 768w, https:\/\/palaisdeluppe.fr\/wp-content\/uploads\/2022\/10\/20190729_115243-225x300.jpg 225w, https:\/\/palaisdeluppe.fr\/wp-content\/uploads\/2022\/10\/20190729_115243-1152x1536.jpg 1152w, https:\/\/palaisdeluppe.fr\/wp-content\/uploads\/2022\/10\/20190729_115243-1536x2048.jpg 1536w, https:\/\/palaisdeluppe.fr\/wp-content\/uploads\/2022\/10\/20190729_115243-scaled.jpg 1920w\" sizes=\"(max-width: 768px) 100vw, 768px\" \/><\/figure><div class=\"wp-block-media-text__content\">\n<p><\/p>\n<\/div><\/div>\n\n\n\n<p><\/p>\n\n\n\n<div class=\"wp-block-media-text alignwide is-stacked-on-mobile\"><figure class=\"wp-block-media-text__media\"><img loading=\"lazy\" width=\"768\" height=\"1024\" src=\"http:\/\/palaisdeluppe.fr\/wp-content\/uploads\/2023\/04\/20190829_123836-768x1024.jpg\" alt=\"\" class=\"wp-image-414 size-full\" srcset=\"https:\/\/palaisdeluppe.fr\/wp-content\/uploads\/2023\/04\/20190829_123836-768x1024.jpg 768w, https:\/\/palaisdeluppe.fr\/wp-content\/uploads\/2023\/04\/20190829_123836-225x300.jpg 225w, https:\/\/palaisdeluppe.fr\/wp-content\/uploads\/2023\/04\/20190829_123836-1152x1536.jpg 1152w, https:\/\/palaisdeluppe.fr\/wp-content\/uploads\/2023\/04\/20190829_123836-1536x2048.jpg 1536w, https:\/\/palaisdeluppe.fr\/wp-content\/uploads\/2023\/04\/20190829_123836-scaled.jpg 1920w\" sizes=\"(max-width: 768px) 100vw, 768px\" \/><\/figure><div class=\"wp-block-media-text__content\">\n<p>L&rsquo;entr\u00e9e des chambres d&rsquo;h\u00f4tes est situ\u00e9e 4 rue Diderot<\/p>\n<\/div><\/div>\n","protected":false},"excerpt":{"rendered":"<p>Prolongez l&rsquo;exp\u00e9rience du Palais de Lupp\u00e9 en s\u00e9journant dans l&rsquo;une de nos deux chambres d&rsquo;h\u00f4tes L&rsquo;entr\u00e9e des chambres d&rsquo;h\u00f4tes est situ\u00e9e 4 rue Diderot<\/p>\n","protected":false},"author":1,"featured_media":0,"parent":0,"menu_order":0,"comment_status":"closed","ping_status":"closed","template":"","meta":[],"_links":{"self":[{"href":"https:\/\/palaisdeluppe.fr\/index.php?rest_route=\/wp\/v2\/pages\/381"}],"collection":[{"href":"https:\/\/palaisdeluppe.fr\/index.php?rest_route=\/wp\/v2\/pages"}],"about":[{"href":"https:\/\/palaisdeluppe.fr\/index.php?rest_route=\/wp\/v2\/types\/page"}],"author":[{"embeddable":true,"href":"https:\/\/palaisdeluppe.fr\/index.php?rest_route=\/wp\/v2\/users\/1"}],"replies":[{"embeddable":true,"href":"https:\/\/palaisdeluppe.fr\/index.php?rest_route=%2Fwp%2Fv2%2Fcomments&post=381"}],"version-history":[{"count":3,"href":"https:\/\/palaisdeluppe.fr\/index.php?rest_route=\/wp\/v2\/pages\/381\/revisions"}],"predecessor-version":[{"id":475,"href":"https:\/\/palaisdeluppe.fr\/index.php?rest_route=\/wp\/v2\/pages\/381\/revisions\/475"}],"wp:attachment":[{"href":"https:\/\/palaisdeluppe.fr\/index.php?rest_route=%2Fwp%2Fv2%2Fmedia&parent=381"}],"curies":[{"name":"wp","href":"https:\/\/api.w.org\/{rel}","templated":true}]}}