{"id":363,"date":"2022-10-08T12:45:58","date_gmt":"2022-10-08T10:45:58","guid":{"rendered":"http:\/\/palaisdeluppe.fr\/?page_id=363"},"modified":"2023-04-14T14:16:44","modified_gmt":"2023-04-14T12:16:44","slug":"gaston-de-luppe","status":"publish","type":"page","link":"https:\/\/palaisdeluppe.fr\/?page_id=363","title":{"rendered":"les n\u00e9o florentins"},"content":{"rendered":"\n<p><\/p>\n\n\n\n<div class=\"wp-block-media-text alignwide is-stacked-on-mobile\" style=\"grid-template-columns:23% auto\"><figure class=\"wp-block-media-text__media\"><img loading=\"lazy\" width=\"768\" height=\"1024\" src=\"http:\/\/palaisdeluppe.fr\/wp-content\/uploads\/2022\/10\/IMG_6556-768x1024.jpeg\" alt=\"\" class=\"wp-image-376 size-full\" srcset=\"https:\/\/palaisdeluppe.fr\/wp-content\/uploads\/2022\/10\/IMG_6556-768x1024.jpeg 768w, https:\/\/palaisdeluppe.fr\/wp-content\/uploads\/2022\/10\/IMG_6556-225x300.jpeg 225w, https:\/\/palaisdeluppe.fr\/wp-content\/uploads\/2022\/10\/IMG_6556-1152x1536.jpeg 1152w, https:\/\/palaisdeluppe.fr\/wp-content\/uploads\/2022\/10\/IMG_6556-1536x2048.jpeg 1536w, https:\/\/palaisdeluppe.fr\/wp-content\/uploads\/2022\/10\/IMG_6556-scaled.jpeg 1920w\" sizes=\"(max-width: 768px) 100vw, 768px\" \/><\/figure><div class=\"wp-block-media-text__content\">\n<p>Gaston de Lupp\u00e9 1872-1939<\/p>\n<\/div><\/div>\n\n\n\n<p>La vie et l\u2019\u0153uvre du cr\u00e9ateur Gaston de Lupp\u00e9<\/p>\n\n\n\n<p>Artiste reconnu, Gaston de Lupp\u00e9 \u00e9tait un homme passionn\u00e9 par son art et son palais, v\u00e9ritable lieu de cr\u00e9ation et de vie qui vit passer de nombreux artistes. Il y vivait avec sa famille et ses amis et y exposait ses \u0153uvres. <\/p>\n\n\n\n<figure class=\"wp-container-2 wp-block-gallery-1 wp-block-gallery has-nested-images columns-default is-cropped\">\n<figure class=\"wp-block-image size-large\"><img loading=\"lazy\" width=\"713\" height=\"1098\" data-id=\"369\"  src=\"http:\/\/palaisdeluppe.fr\/wp-content\/uploads\/2022\/10\/Numerisation_20210530-102-rotated.jpg\" alt=\"\" class=\"wp-image-369\" srcset=\"https:\/\/palaisdeluppe.fr\/wp-content\/uploads\/2022\/10\/Numerisation_20210530-102-rotated.jpg 713w, https:\/\/palaisdeluppe.fr\/wp-content\/uploads\/2022\/10\/Numerisation_20210530-102-195x300.jpg 195w, https:\/\/palaisdeluppe.fr\/wp-content\/uploads\/2022\/10\/Numerisation_20210530-102-665x1024.jpg 665w\" sizes=\"(max-width: 713px) 100vw, 713px\" \/><\/figure>\n\n\n\n<figure class=\"wp-block-image size-large\"><img loading=\"lazy\" width=\"694\" height=\"1093\" data-id=\"368\"  src=\"http:\/\/palaisdeluppe.fr\/wp-content\/uploads\/2022\/10\/Numerisation_20210530-92-rotated.jpg\" alt=\"\" class=\"wp-image-368\" srcset=\"https:\/\/palaisdeluppe.fr\/wp-content\/uploads\/2022\/10\/Numerisation_20210530-92-rotated.jpg 694w, https:\/\/palaisdeluppe.fr\/wp-content\/uploads\/2022\/10\/Numerisation_20210530-92-190x300.jpg 190w, https:\/\/palaisdeluppe.fr\/wp-content\/uploads\/2022\/10\/Numerisation_20210530-92-650x1024.jpg 650w\" sizes=\"(max-width: 694px) 100vw, 694px\" \/><\/figure>\n<\/figure>\n\n\n\n<p>Impliqu\u00e9 dans la vie d&rsquo;Arles et grand d\u00e9fenseur de la culture proven\u00e7ale, il fit partie du comit\u00e9 du Mus\u00e9on Arlaten de Fr\u00e9d\u00e9ric Mistral et fut \u00e9galement conseiller municipal.<\/p>\n\n\n\n<p>Il a r\u00e9alis\u00e9 des fouilles arch\u00e9ologiques qui vont enrichir les collections des mus\u00e9es municipaux. <\/p>\n\n\n\n<p>Gaston de Lupp\u00e9 \u00e9tait dipl\u00f4m\u00e9 de l&rsquo;\u00e9cole des Beaux-Arts de Toulouse o\u00f9 il se lia d&rsquo;amiti\u00e9 avec un jeune sculpteur qu&rsquo;il admirait beaucoup Victor S\u00e9goffin avec qui ils firent partie d&rsquo;un mouvement artistique majeur, les n\u00e9o-florentins ma\u00eetres du naturalisme en sculpture. <\/p>\n\n\n\n<p>Gaston de Lupp\u00e9 ach\u00e8te en 1905 , un ancien h\u00f4tel particulier du XVII\u00e8me si\u00e8cle en ruine et plusieurs maisons autour. Jean-Am\u00e9d\u00e9e Gibert et Gaston de Lupp\u00e9 con\u00e7oivent un lieu inspir\u00e9 des palais de la renaissance florentine  <\/p>\n\n\n\n<figure class=\"wp-container-4 wp-block-gallery-3 wp-block-gallery has-nested-images columns-default is-cropped\">\n<figure class=\"wp-block-image size-large\"><img loading=\"lazy\" width=\"2560\" height=\"1707\" data-id=\"161\"  src=\"http:\/\/palaisdeluppe.fr\/wp-content\/uploads\/2020\/09\/IMG_8719-scaled.jpg\" alt=\"\" class=\"wp-image-161\" srcset=\"https:\/\/palaisdeluppe.fr\/wp-content\/uploads\/2020\/09\/IMG_8719-scaled.jpg 2560w, https:\/\/palaisdeluppe.fr\/wp-content\/uploads\/2020\/09\/IMG_8719-300x200.jpg 300w, https:\/\/palaisdeluppe.fr\/wp-content\/uploads\/2020\/09\/IMG_8719-1024x683.jpg 1024w, https:\/\/palaisdeluppe.fr\/wp-content\/uploads\/2020\/09\/IMG_8719-768x512.jpg 768w, https:\/\/palaisdeluppe.fr\/wp-content\/uploads\/2020\/09\/IMG_8719-1536x1024.jpg 1536w, https:\/\/palaisdeluppe.fr\/wp-content\/uploads\/2020\/09\/IMG_8719-2048x1365.jpg 2048w\" sizes=\"(max-width: 2560px) 100vw, 2560px\" \/><\/figure>\n<\/figure>\n\n\n\n<p><\/p>\n\n\n\n<div class=\"wp-block-media-text alignwide is-stacked-on-mobile\" style=\"grid-template-columns:20% auto\"><figure class=\"wp-block-media-text__media\"><img loading=\"lazy\" width=\"151\" height=\"160\" src=\"http:\/\/palaisdeluppe.fr\/wp-content\/uploads\/2023\/04\/Victor_Segoffin_1901.jpg\" alt=\"\" class=\"wp-image-420 size-full\"\/><\/figure><div class=\"wp-block-media-text__content\">\n<p>Victor S\u00e9goffin<\/p>\n<\/div><\/div>\n\n\n\n<div class=\"wp-block-media-text alignwide is-stacked-on-mobile\"><figure class=\"wp-block-media-text__media\"><img loading=\"lazy\" width=\"768\" height=\"1024\" src=\"http:\/\/palaisdeluppe.fr\/wp-content\/uploads\/2023\/04\/20210911_095635-768x1024.jpg\" alt=\"\" class=\"wp-image-418 size-full\" srcset=\"https:\/\/palaisdeluppe.fr\/wp-content\/uploads\/2023\/04\/20210911_095635-768x1024.jpg 768w, https:\/\/palaisdeluppe.fr\/wp-content\/uploads\/2023\/04\/20210911_095635-225x300.jpg 225w, https:\/\/palaisdeluppe.fr\/wp-content\/uploads\/2023\/04\/20210911_095635-1152x1536.jpg 1152w, https:\/\/palaisdeluppe.fr\/wp-content\/uploads\/2023\/04\/20210911_095635-1536x2048.jpg 1536w, https:\/\/palaisdeluppe.fr\/wp-content\/uploads\/2023\/04\/20210911_095635-scaled.jpg 1920w\" sizes=\"(max-width: 768px) 100vw, 768px\" \/><\/figure><div class=\"wp-block-media-text__content\">\n<p>La Danse Guerri\u00e8re 1902<\/p>\n\n\n\n<p>Victor S\u00e9goffin<\/p>\n\n\n\n<p>Commande de la Pr\u00e9sidence de la R\u00e9publique et r\u00e9alis\u00e9e pour le Palais de l&rsquo;Elys\u00e9e, actuellement au mus\u00e9e d&rsquo;Orsay.<\/p>\n\n\n\n<p>Second tirage r\u00e9alis\u00e9 pour le Palais de Lupp\u00e9 en 1905<\/p>\n<\/div><\/div>\n","protected":false},"excerpt":{"rendered":"<p>Gaston de Lupp\u00e9 1872-1939 La vie et l\u2019\u0153uvre du cr\u00e9ateur Gaston de Lupp\u00e9 Artiste reconnu, Gaston de Lupp\u00e9 \u00e9tait un homme passionn\u00e9 par son art et son palais, v\u00e9ritable lieu<span class=\"more-button\"><a href=\"https:\/\/palaisdeluppe.fr\/?page_id=363\" class=\"more-link\">plus<span class=\"screen-reader-text\">les n\u00e9o florentins<\/span><\/a><\/span><\/p>\n","protected":false},"author":1,"featured_media":0,"parent":0,"menu_order":0,"comment_status":"closed","ping_status":"closed","template":"","meta":[],"_links":{"self":[{"href":"https:\/\/palaisdeluppe.fr\/index.php?rest_route=\/wp\/v2\/pages\/363"}],"collection":[{"href":"https:\/\/palaisdeluppe.fr\/index.php?rest_route=\/wp\/v2\/pages"}],"about":[{"href":"https:\/\/palaisdeluppe.fr\/index.php?rest_route=\/wp\/v2\/types\/page"}],"author":[{"embeddable":true,"href":"https:\/\/palaisdeluppe.fr\/index.php?rest_route=\/wp\/v2\/users\/1"}],"replies":[{"embeddable":true,"href":"https:\/\/palaisdeluppe.fr\/index.php?rest_route=%2Fwp%2Fv2%2Fcomments&post=363"}],"version-history":[{"count":6,"href":"https:\/\/palaisdeluppe.fr\/index.php?rest_route=\/wp\/v2\/pages\/363\/revisions"}],"predecessor-version":[{"id":422,"href":"https:\/\/palaisdeluppe.fr\/index.php?rest_route=\/wp\/v2\/pages\/363\/revisions\/422"}],"wp:attachment":[{"href":"https:\/\/palaisdeluppe.fr\/index.php?rest_route=%2Fwp%2Fv2%2Fmedia&parent=363"}],"curies":[{"name":"wp","href":"https:\/\/api.w.org\/{rel}","templated":true}]}}