{"id":259,"date":"2021-01-17T01:04:41","date_gmt":"2021-01-17T00:04:41","guid":{"rendered":"http:\/\/palaisdeluppe.fr\/?page_id=259"},"modified":"2023-04-14T15:54:59","modified_gmt":"2023-04-14T13:54:59","slug":"expos","status":"publish","type":"page","link":"https:\/\/palaisdeluppe.fr\/?page_id=259","title":{"rendered":"expositions"},"content":{"rendered":"\n<figure class=\"wp-block-embed is-type-video is-provider-youtube wp-block-embed-youtube wp-embed-aspect-16-9 wp-has-aspect-ratio\"><div class=\"wp-block-embed__wrapper\">\n<iframe loading=\"lazy\" title=\"Dieux et D\u00e9mons de la cr\u00e9ation - Arles 2022\" width=\"920\" height=\"518\" src=\"https:\/\/www.youtube.com\/embed\/oU-f5rHXzcU?feature=oembed\" frameborder=\"0\" allow=\"accelerometer; autoplay; clipboard-write; encrypted-media; gyroscope; picture-in-picture; web-share\" referrerpolicy=\"strict-origin-when-cross-origin\" allowfullscreen><\/iframe>\n<\/div><figcaption>Dieux et D\u00e9mons de la cr\u00e9ation, le film<\/figcaption><\/figure>\n\n\n\n<figure class=\"wp-block-image size-large\"><img loading=\"lazy\" width=\"820\" height=\"1024\" src=\"http:\/\/palaisdeluppe.fr\/wp-content\/uploads\/2022\/10\/affiche2022-820x1024.jpg\" alt=\"\" class=\"wp-image-349\" srcset=\"https:\/\/palaisdeluppe.fr\/wp-content\/uploads\/2022\/10\/affiche2022-820x1024.jpg 820w, https:\/\/palaisdeluppe.fr\/wp-content\/uploads\/2022\/10\/affiche2022-240x300.jpg 240w, https:\/\/palaisdeluppe.fr\/wp-content\/uploads\/2022\/10\/affiche2022-768x959.jpg 768w, https:\/\/palaisdeluppe.fr\/wp-content\/uploads\/2022\/10\/affiche2022.jpg 828w\" sizes=\"(max-width: 820px) 100vw, 820px\" \/><figcaption>Dieux et D\u00e9mons de la Cr\u00e9ation &#8211; \u00e9t\u00e9 2022<\/figcaption><\/figure>\n\n\n\n<p>Etienne Pottier<\/p>\n\n\n\n<p>Sophie Medawar<\/p>\n\n\n\n<p>Michael Levchenko<\/p>\n\n\n\n<p>Kiki Tonnerre<\/p>\n\n\n\n<p>Florence Hoffmann<\/p>\n\n\n\n<ul><li><\/li><\/ul>\n\n\n\n<p><\/p>\n\n\n\n<p>\u00e9t\u00e9 2021 : Lucille Clerc et les N\u00e9o-Florentins<\/p>\n\n\n\n<figure class=\"wp-block-image size-large\"><img loading=\"lazy\" width=\"817\" height=\"1024\" src=\"http:\/\/palaisdeluppe.fr\/wp-content\/uploads\/2022\/10\/affiche2021-817x1024.jpg\" alt=\"\" class=\"wp-image-348\" srcset=\"https:\/\/palaisdeluppe.fr\/wp-content\/uploads\/2022\/10\/affiche2021-817x1024.jpg 817w, https:\/\/palaisdeluppe.fr\/wp-content\/uploads\/2022\/10\/affiche2021-239x300.jpg 239w, https:\/\/palaisdeluppe.fr\/wp-content\/uploads\/2022\/10\/affiche2021-768x963.jpg 768w, https:\/\/palaisdeluppe.fr\/wp-content\/uploads\/2022\/10\/affiche2021.jpg 829w\" sizes=\"(max-width: 817px) 100vw, 817px\" \/><figcaption>Lucille Clerc et les N\u00e9o-florentins &#8211; \u00e9t\u00e9 2021<\/figcaption><\/figure>\n\n\n\n<figure class=\"wp-block-image size-large\"><img loading=\"lazy\" width=\"1024\" height=\"768\" src=\"http:\/\/palaisdeluppe.fr\/wp-content\/uploads\/2020\/03\/20180705_212511-1024x768.jpg\" alt=\"\" class=\"wp-image-12\" srcset=\"https:\/\/palaisdeluppe.fr\/wp-content\/uploads\/2020\/03\/20180705_212511-1024x768.jpg 1024w, https:\/\/palaisdeluppe.fr\/wp-content\/uploads\/2020\/03\/20180705_212511-300x225.jpg 300w, https:\/\/palaisdeluppe.fr\/wp-content\/uploads\/2020\/03\/20180705_212511-768x576.jpg 768w, https:\/\/palaisdeluppe.fr\/wp-content\/uploads\/2020\/03\/20180705_212511-200x150.jpg 200w\" sizes=\"(max-width: 1024px) 100vw, 1024px\" \/><\/figure>\n","protected":false},"excerpt":{"rendered":"<p>Etienne Pottier Sophie Medawar Michael Levchenko Kiki Tonnerre Florence Hoffmann \u00e9t\u00e9 2021 : Lucille Clerc et les N\u00e9o-Florentins<\/p>\n","protected":false},"author":1,"featured_media":0,"parent":0,"menu_order":0,"comment_status":"closed","ping_status":"closed","template":"","meta":[],"_links":{"self":[{"href":"https:\/\/palaisdeluppe.fr\/index.php?rest_route=\/wp\/v2\/pages\/259"}],"collection":[{"href":"https:\/\/palaisdeluppe.fr\/index.php?rest_route=\/wp\/v2\/pages"}],"about":[{"href":"https:\/\/palaisdeluppe.fr\/index.php?rest_route=\/wp\/v2\/types\/page"}],"author":[{"embeddable":true,"href":"https:\/\/palaisdeluppe.fr\/index.php?rest_route=\/wp\/v2\/users\/1"}],"replies":[{"embeddable":true,"href":"https:\/\/palaisdeluppe.fr\/index.php?rest_route=%2Fwp%2Fv2%2Fcomments&post=259"}],"version-history":[{"count":6,"href":"https:\/\/palaisdeluppe.fr\/index.php?rest_route=\/wp\/v2\/pages\/259\/revisions"}],"predecessor-version":[{"id":432,"href":"https:\/\/palaisdeluppe.fr\/index.php?rest_route=\/wp\/v2\/pages\/259\/revisions\/432"}],"wp:attachment":[{"href":"https:\/\/palaisdeluppe.fr\/index.php?rest_route=%2Fwp%2Fv2%2Fmedia&parent=259"}],"curies":[{"name":"wp","href":"https:\/\/api.w.org\/{rel}","templated":true}]}}